{"id":1323,"date":"2022-03-02T17:35:11","date_gmt":"2022-03-02T16:35:11","guid":{"rendered":"https:\/\/coolomat.com\/trgovina\/?page_id=1323"},"modified":"2022-03-02T17:50:11","modified_gmt":"2022-03-02T16:50:11","slug":"blokada","status":"publish","type":"page","link":"https:\/\/coolomat.com\/trgovina\/blokada\/","title":{"rendered":"Blokada"},"content":{"rendered":"\t\t<div data-elementor-type=\"wp-page\" data-elementor-id=\"1323\" class=\"elementor elementor-1323\">\n\t\t\t\t\t\t\t\t\t<section class=\"elementor-section elementor-top-section elementor-element elementor-element-7d9b552 elementor-section-boxed elementor-section-height-default elementor-section-height-default\" data-id=\"7d9b552\" data-element_type=\"section\">\n\t\t\t\t\t\t<div class=\"elementor-container elementor-column-gap-default\">\n\t\t\t\t\t<div class=\"elementor-column elementor-col-100 elementor-top-column elementor-element elementor-element-5547834\" data-id=\"5547834\" data-element_type=\"column\">\n\t\t\t<div class=\"elementor-widget-wrap elementor-element-populated\">\n\t\t\t\t\t\t\t\t<div class=\"elementor-element elementor-element-fa74cc3 elementor-position-left elementor-vertical-align-middle elementor-view-default elementor-mobile-position-top elementor-widget elementor-widget-icon-box\" data-id=\"fa74cc3\" data-element_type=\"widget\" data-widget_type=\"icon-box.default\">\n\t\t\t\t<div class=\"elementor-widget-container\">\n\t\t\t<link rel=\"stylesheet\" href=\"https:\/\/coolomat.com\/trgovina\/wp-content\/plugins\/elementor\/assets\/css\/widget-icon-box.min.css\">\t\t<div class=\"elementor-icon-box-wrapper\">\n\t\t\t\t\t\t<div class=\"elementor-icon-box-icon\">\n\t\t\t\t<span class=\"elementor-icon elementor-animation-\" >\n\t\t\t\t<i aria-hidden=\"true\" class=\"fas fa-exclamation-circle\"><\/i>\t\t\t\t<\/span>\n\t\t\t<\/div>\n\t\t\t\t\t\t<div class=\"elementor-icon-box-content\">\n\t\t\t\t<h3 class=\"elementor-icon-box-title\">\n\t\t\t\t\t<span  >\n\t\t\t\t\t\tVa\u0161 ra\u010dun je blokiran!\t\t\t\t\t<\/span>\n\t\t\t\t<\/h3>\n\t\t\t\t\t\t\t<\/div>\n\t\t<\/div>\n\t\t\t\t<\/div>\n\t\t\t\t<\/div>\n\t\t\t\t<div class=\"elementor-element elementor-element-0066cdd elementor-widget elementor-widget-text-editor\" data-id=\"0066cdd\" data-element_type=\"widget\" data-widget_type=\"text-editor.default\">\n\t\t\t\t<div class=\"elementor-widget-container\">\n\t\t\t<style>\/*! elementor - v3.6.7 - 03-07-2022 *\/\n.elementor-widget-text-editor.elementor-drop-cap-view-stacked .elementor-drop-cap{background-color:#818a91;color:#fff}.elementor-widget-text-editor.elementor-drop-cap-view-framed .elementor-drop-cap{color:#818a91;border:3px solid;background-color:transparent}.elementor-widget-text-editor:not(.elementor-drop-cap-view-default) .elementor-drop-cap{margin-top:8px}.elementor-widget-text-editor:not(.elementor-drop-cap-view-default) .elementor-drop-cap-letter{width:1em;height:1em}.elementor-widget-text-editor .elementor-drop-cap{float:left;text-align:center;line-height:1;font-size:50px}.elementor-widget-text-editor .elementor-drop-cap-letter{display:inline-block}<\/style>\t\t\t\t<p>Va\u0161 ra\u010dun je blokiran, zato so storitve onemogo\u010dene. Za dodatne informacije nas lahko kontaktirate na <a href=\"mailto:info@coolomat.com\"><strong>info@coolomat.com<\/strong><\/a> ali pa nas pokli\u010dete na telefonsko \u0161tevilko <a href=\"tel:070 202 000\"><strong>070 202 000<\/strong><\/a><\/p><p>Hvala za razumevanje.<\/p>\t\t\t\t\t\t<\/div>\n\t\t\t\t<\/div>\n\t\t\t\t\t<\/div>\n\t\t<\/div>\n\t\t\t\t\t\t\t<\/div>\n\t\t<\/section>\n\t\t\t\t\t\t\t<\/div>\n\t\t","protected":false},"excerpt":{"rendered":"<p>Va\u0161 ra\u010dun je blokiran! Va\u0161 ra\u010dun je blokiran, zato so storitve onemogo\u010dene. Za dodatne informacije nas lahko kontaktirate na info@coolomat.com ali pa nas pokli\u010dete na telefonsko \u0161tevilko 070 202 000 Hvala za razumevanje.<\/p>\n","protected":false},"author":1,"featured_media":0,"parent":0,"menu_order":0,"comment_status":"closed","ping_status":"closed","template":"","meta":{"site-sidebar-layout":"no-sidebar","site-content-layout":"page-builder","ast-global-header-display":"","ast-main-header-display":"","ast-hfb-above-header-display":"","ast-hfb-below-header-display":"","ast-hfb-mobile-header-display":"","site-post-title":"disabled","ast-breadcrumbs-content":"","ast-featured-img":"disabled","footer-sml-layout":"","theme-transparent-header-meta":"","adv-header-id-meta":"","stick-header-meta":"","header-above-stick-meta":"","header-main-stick-meta":"","header-below-stick-meta":""},"yoast_head":"<!-- This site is optimized with the Yoast SEO plugin v19.3 - https:\/\/yoast.com\/wordpress\/plugins\/seo\/ -->\n<title>Blokada - Trgovina<\/title>\n<meta name=\"robots\" content=\"index, follow, max-snippet:-1, max-image-preview:large, max-video-preview:-1\" \/>\n<link rel=\"canonical\" href=\"https:\/\/coolomat.com\/trgovina\/blokada\/\" \/>\n<meta property=\"og:locale\" content=\"sl_SI\" \/>\n<meta property=\"og:type\" content=\"article\" \/>\n<meta property=\"og:title\" content=\"Blokada - Trgovina\" \/>\n<meta property=\"og:description\" content=\"Va\u0161 ra\u010dun je blokiran! Va\u0161 ra\u010dun je blokiran, zato so storitve onemogo\u010dene. Za dodatne informacije nas lahko kontaktirate na info@coolomat.com ali pa nas pokli\u010dete na telefonsko \u0161tevilko 070 202 000 Hvala za razumevanje.\" \/>\n<meta property=\"og:url\" content=\"https:\/\/coolomat.com\/trgovina\/blokada\/\" \/>\n<meta property=\"og:site_name\" content=\"Trgovina\" \/>\n<meta property=\"article:modified_time\" content=\"2022-03-02T16:50:11+00:00\" \/>\n<meta name=\"twitter:card\" content=\"summary_large_image\" \/>\n<script type=\"application\/ld+json\" class=\"yoast-schema-graph\">{\"@context\":\"https:\/\/schema.org\",\"@graph\":[{\"@type\":\"Organization\",\"@id\":\"https:\/\/coolomat.com\/trgovina\/#organization\",\"name\":\"Trgovina\",\"url\":\"https:\/\/coolomat.com\/trgovina\/\",\"sameAs\":[],\"logo\":{\"@type\":\"ImageObject\",\"inLanguage\":\"sl-SI\",\"@id\":\"https:\/\/coolomat.com\/trgovina\/#\/schema\/logo\/image\/\",\"url\":\"https:\/\/coolomat.com\/trgovina\/wp-content\/uploads\/sites\/2\/2022\/02\/coolomat_large_white.png\",\"contentUrl\":\"https:\/\/coolomat.com\/trgovina\/wp-content\/uploads\/sites\/2\/2022\/02\/coolomat_large_white.png\",\"width\":256,\"height\":61,\"caption\":\"Trgovina\"},\"image\":{\"@id\":\"https:\/\/coolomat.com\/trgovina\/#\/schema\/logo\/image\/\"}},{\"@type\":\"WebSite\",\"@id\":\"https:\/\/coolomat.com\/trgovina\/#website\",\"url\":\"https:\/\/coolomat.com\/trgovina\/\",\"name\":\"Trgovina\",\"description\":\"Klick &amp; Collect\",\"publisher\":{\"@id\":\"https:\/\/coolomat.com\/trgovina\/#organization\"},\"potentialAction\":[{\"@type\":\"SearchAction\",\"target\":{\"@type\":\"EntryPoint\",\"urlTemplate\":\"https:\/\/coolomat.com\/trgovina\/?s={search_term_string}\"},\"query-input\":\"required name=search_term_string\"}],\"inLanguage\":\"sl-SI\"},{\"@type\":\"WebPage\",\"@id\":\"https:\/\/coolomat.com\/trgovina\/blokada\/\",\"url\":\"https:\/\/coolomat.com\/trgovina\/blokada\/\",\"name\":\"Blokada - Trgovina\",\"isPartOf\":{\"@id\":\"https:\/\/coolomat.com\/trgovina\/#website\"},\"datePublished\":\"2022-03-02T16:35:11+00:00\",\"dateModified\":\"2022-03-02T16:50:11+00:00\",\"breadcrumb\":{\"@id\":\"https:\/\/coolomat.com\/trgovina\/blokada\/#breadcrumb\"},\"inLanguage\":\"sl-SI\",\"potentialAction\":[{\"@type\":\"ReadAction\",\"target\":[\"https:\/\/coolomat.com\/trgovina\/blokada\/\"]}]},{\"@type\":\"BreadcrumbList\",\"@id\":\"https:\/\/coolomat.com\/trgovina\/blokada\/#breadcrumb\",\"itemListElement\":[{\"@type\":\"ListItem\",\"position\":1,\"name\":\"Home\",\"item\":\"https:\/\/coolomat.com\/trgovina\/\"},{\"@type\":\"ListItem\",\"position\":2,\"name\":\"Blokada\"}]}]}<\/script>\n<!-- \/ Yoast SEO plugin. -->","yoast_head_json":{"title":"Blokada - Trgovina","robots":{"index":"index","follow":"follow","max-snippet":"max-snippet:-1","max-image-preview":"max-image-preview:large","max-video-preview":"max-video-preview:-1"},"canonical":"https:\/\/coolomat.com\/trgovina\/blokada\/","og_locale":"sl_SI","og_type":"article","og_title":"Blokada - Trgovina","og_description":"Va\u0161 ra\u010dun je blokiran! Va\u0161 ra\u010dun je blokiran, zato so storitve onemogo\u010dene. Za dodatne informacije nas lahko kontaktirate na info@coolomat.com ali pa nas pokli\u010dete na telefonsko \u0161tevilko 070 202 000 Hvala za razumevanje.","og_url":"https:\/\/coolomat.com\/trgovina\/blokada\/","og_site_name":"Trgovina","article_modified_time":"2022-03-02T16:50:11+00:00","twitter_card":"summary_large_image","schema":{"@context":"https:\/\/schema.org","@graph":[{"@type":"Organization","@id":"https:\/\/coolomat.com\/trgovina\/#organization","name":"Trgovina","url":"https:\/\/coolomat.com\/trgovina\/","sameAs":[],"logo":{"@type":"ImageObject","inLanguage":"sl-SI","@id":"https:\/\/coolomat.com\/trgovina\/#\/schema\/logo\/image\/","url":"https:\/\/coolomat.com\/trgovina\/wp-content\/uploads\/sites\/2\/2022\/02\/coolomat_large_white.png","contentUrl":"https:\/\/coolomat.com\/trgovina\/wp-content\/uploads\/sites\/2\/2022\/02\/coolomat_large_white.png","width":256,"height":61,"caption":"Trgovina"},"image":{"@id":"https:\/\/coolomat.com\/trgovina\/#\/schema\/logo\/image\/"}},{"@type":"WebSite","@id":"https:\/\/coolomat.com\/trgovina\/#website","url":"https:\/\/coolomat.com\/trgovina\/","name":"Trgovina","description":"Klick &amp; Collect","publisher":{"@id":"https:\/\/coolomat.com\/trgovina\/#organization"},"potentialAction":[{"@type":"SearchAction","target":{"@type":"EntryPoint","urlTemplate":"https:\/\/coolomat.com\/trgovina\/?s={search_term_string}"},"query-input":"required name=search_term_string"}],"inLanguage":"sl-SI"},{"@type":"WebPage","@id":"https:\/\/coolomat.com\/trgovina\/blokada\/","url":"https:\/\/coolomat.com\/trgovina\/blokada\/","name":"Blokada - Trgovina","isPartOf":{"@id":"https:\/\/coolomat.com\/trgovina\/#website"},"datePublished":"2022-03-02T16:35:11+00:00","dateModified":"2022-03-02T16:50:11+00:00","breadcrumb":{"@id":"https:\/\/coolomat.com\/trgovina\/blokada\/#breadcrumb"},"inLanguage":"sl-SI","potentialAction":[{"@type":"ReadAction","target":["https:\/\/coolomat.com\/trgovina\/blokada\/"]}]},{"@type":"BreadcrumbList","@id":"https:\/\/coolomat.com\/trgovina\/blokada\/#breadcrumb","itemListElement":[{"@type":"ListItem","position":1,"name":"Home","item":"https:\/\/coolomat.com\/trgovina\/"},{"@type":"ListItem","position":2,"name":"Blokada"}]}]}},"_links":{"self":[{"href":"https:\/\/coolomat.com\/trgovina\/wp-json\/wp\/v2\/pages\/1323"}],"collection":[{"href":"https:\/\/coolomat.com\/trgovina\/wp-json\/wp\/v2\/pages"}],"about":[{"href":"https:\/\/coolomat.com\/trgovina\/wp-json\/wp\/v2\/types\/page"}],"author":[{"embeddable":true,"href":"https:\/\/coolomat.com\/trgovina\/wp-json\/wp\/v2\/users\/1"}],"replies":[{"embeddable":true,"href":"https:\/\/coolomat.com\/trgovina\/wp-json\/wp\/v2\/comments?post=1323"}],"version-history":[{"count":13,"href":"https:\/\/coolomat.com\/trgovina\/wp-json\/wp\/v2\/pages\/1323\/revisions"}],"predecessor-version":[{"id":1336,"href":"https:\/\/coolomat.com\/trgovina\/wp-json\/wp\/v2\/pages\/1323\/revisions\/1336"}],"wp:attachment":[{"href":"https:\/\/coolomat.com\/trgovina\/wp-json\/wp\/v2\/media?parent=1323"}],"curies":[{"name":"wp","href":"https:\/\/api.w.org\/{rel}","templated":true}]}}